{"id":153,"date":"2018-08-28T09:09:29","date_gmt":"2018-08-28T07:09:29","guid":{"rendered":"http:\/\/seeinformatique.fr\/?page_id=153"},"modified":"2022-04-06T17:37:23","modified_gmt":"2022-04-06T15:37:23","slug":"reparation-de-smartphone-tablette","status":"publish","type":"page","link":"https:\/\/seeinformatique.fr\/?page_id=153","title":{"rendered":"R\u00e9paration de Smartphone Tablette"},"content":{"rendered":"<style>\/*! elementor - v3.5.6 - 17-03-2022 *\/\n.elementor-widget-image{text-align:center}.elementor-widget-image a{display:inline-block}.elementor-widget-image a img[src$=\".svg\"]{width:48px}.elementor-widget-image img{vertical-align:middle;display:inline-block}<\/style>\n<p>\t\t\t\t\t\t\t\t\t\t\t\t<img decoding=\"async\" width=\"780\" height=\"244\" src=\"http:\/\/seeinformatique.fr\/wp-content\/uploads\/2018\/08\/slide4-1024x320.jpg\" alt=\"\" loading=\"lazy\" srcset=\"http:\/\/seeinformatique.fr\/wp-content\/uploads\/2018\/08\/slide4-1024x320.jpg 1024w, http:\/\/seeinformatique.fr\/wp-content\/uploads\/2018\/08\/slide4-300x94.jpg 300w, http:\/\/seeinformatique.fr\/wp-content\/uploads\/2018\/08\/slide4-768x240.jpg 768w, http:\/\/seeinformatique.fr\/wp-content\/uploads\/2018\/08\/slide4.jpg 1600w\" sizes=\"auto, (max-width: 780px) 100vw, 780px\" \/><br \/>\n\t\tAvec l&rsquo;av\u00e8nement des smartphones et des tablettes, et pour toujours r\u00e9pondre \u00e0 vos attentes, nous nous sommes aussi sp\u00e9cialis\u00e9s dans la r\u00e9paration de ceux ci depuis 2009!<br \/>\nComme nous savons que vos t\u00e9l\u00e9phones vous sont tr\u00e8s pr\u00e9cieux et gr\u00e2ce \u00e0 notre stock, nous pouvons r\u00e9parer vos smartphones sous 1h si la pi\u00e8ce est en stock ou 24h sur commande.<\/p>\n","protected":false},"excerpt":{"rendered":"<p>Avec l&rsquo;av\u00e8nement des smartphones et des tablettes, et pour toujours r\u00e9pondre \u00e0 vos attentes, nous nous sommes aussi sp\u00e9cialis\u00e9s dans la r\u00e9paration de ceux ci depuis 2009! Comme nous savons que vos t\u00e9l\u00e9phones vous sont tr\u00e8s pr\u00e9cieux et gr\u00e2ce \u00e0 notre stock, nous pouvons r\u00e9parer vos smartphones sous 1h si la pi\u00e8ce est en stock <a class=\"more-link\" href=\"https:\/\/seeinformatique.fr\/?page_id=153\">Lire plus &#8230;<\/a><\/p>\n","protected":false},"author":2,"featured_media":150,"parent":0,"menu_order":0,"comment_status":"closed","ping_status":"closed","template":"","meta":{"_mi_skip_tracking":false,"footnotes":""},"class_list":["post-153","page","type-page","status-publish","has-post-thumbnail","hentry"],"_links":{"self":[{"href":"https:\/\/seeinformatique.fr\/index.php?rest_route=\/wp\/v2\/pages\/153","targetHints":{"allow":["GET"]}}],"collection":[{"href":"https:\/\/seeinformatique.fr\/index.php?rest_route=\/wp\/v2\/pages"}],"about":[{"href":"https:\/\/seeinformatique.fr\/index.php?rest_route=\/wp\/v2\/types\/page"}],"author":[{"embeddable":true,"href":"https:\/\/seeinformatique.fr\/index.php?rest_route=\/wp\/v2\/users\/2"}],"replies":[{"embeddable":true,"href":"https:\/\/seeinformatique.fr\/index.php?rest_route=%2Fwp%2Fv2%2Fcomments&post=153"}],"version-history":[{"count":5,"href":"https:\/\/seeinformatique.fr\/index.php?rest_route=\/wp\/v2\/pages\/153\/revisions"}],"predecessor-version":[{"id":405,"href":"https:\/\/seeinformatique.fr\/index.php?rest_route=\/wp\/v2\/pages\/153\/revisions\/405"}],"wp:featuredmedia":[{"embeddable":true,"href":"https:\/\/seeinformatique.fr\/index.php?rest_route=\/wp\/v2\/media\/150"}],"wp:attachment":[{"href":"https:\/\/seeinformatique.fr\/index.php?rest_route=%2Fwp%2Fv2%2Fmedia&parent=153"}],"curies":[{"name":"wp","href":"https:\/\/api.w.org\/{rel}","templated":true}]}}