{"id":155,"date":"2018-08-28T09:09:59","date_gmt":"2018-08-28T07:09:59","guid":{"rendered":"http:\/\/seeinformatique.fr\/?page_id=155"},"modified":"2022-04-07T12:59:29","modified_gmt":"2022-04-07T10:59:29","slug":"depannage-a-distance","status":"publish","type":"page","link":"https:\/\/seeinformatique.fr\/?page_id=155","title":{"rendered":"D\u00e9pannage \u00e0 Domicile"},"content":{"rendered":"<style>\/*! elementor - v3.5.6 - 17-03-2022 *\/<br \/>\n.elementor-widget-image{text-align:center}.elementor-widget-image a{display:inline-block}.elementor-widget-image a img[src$=\".svg\"]{width:48px}.elementor-widget-image img{vertical-align:middle;display:inline-block}<\/style>\n<p>\t\t\t\t\t\t\t\t\t\t\t\t<img decoding=\"async\" src=\"http:\/\/seeinformatique.fr\/wp-content\/uploads\/2022\/04\/5deb3fd9800000480618927b-1024x718.jpg\" alt=\"\" loading=\"lazy\" srcset=\"http:\/\/seeinformatique.fr\/wp-content\/uploads\/2022\/04\/5deb3fd9800000480618927b-1024x718.jpg 1024w, http:\/\/seeinformatique.fr\/wp-content\/uploads\/2022\/04\/5deb3fd9800000480618927b-300x210.jpg 300w, http:\/\/seeinformatique.fr\/wp-content\/uploads\/2022\/04\/5deb3fd9800000480618927b-768x538.jpg 768w, http:\/\/seeinformatique.fr\/wp-content\/uploads\/2022\/04\/5deb3fd9800000480618927b.jpg 1264w\" sizes=\"auto, (max-width: 780px) 100vw, 780px\" width=\"780\" height=\"547\"><\/p>\n<p>Intervention du technicien informatique sur votre ordinateur fixe ou portable, chez vous ou \u00e0 votre travail.<\/p>\n<p>Nous r\u00e9parons tous types de probl\u00e8mes (panne, casse&#8230;) que vous pourriez rencontrer, sur toutes marques d&rsquo;ordinateurs (Mac, Acer, Asus, HP&#8230;)<\/p>\n<p>Nous mettons tout en \u0153uvre pour vous offrir un service en 24 heures.<\/p>\n<p>A domicile ou au sein de votre entreprise, nous agissons dans les meilleurs d\u00e9lais.&nbsp;<\/p>\n","protected":false},"excerpt":{"rendered":"<p>Intervention du technicien informatique sur votre ordinateur fixe ou portable, chez vous ou \u00e0 votre travail. Nous r\u00e9parons tous types de probl\u00e8mes (panne, casse&#8230;) que vous pourriez rencontrer, sur toutes marques d&rsquo;ordinateurs (Mac, Acer, Asus, HP&#8230;) Nous mettons tout en \u0153uvre pour vous offrir un service en 24 heures. A domicile ou au sein de <a class=\"more-link\" href=\"https:\/\/seeinformatique.fr\/?page_id=155\">Lire plus &#8230;<\/a><\/p>\n","protected":false},"author":2,"featured_media":393,"parent":0,"menu_order":0,"comment_status":"closed","ping_status":"closed","template":"","meta":{"_mi_skip_tracking":false,"footnotes":""},"class_list":["post-155","page","type-page","status-publish","has-post-thumbnail","hentry"],"_links":{"self":[{"href":"https:\/\/seeinformatique.fr\/index.php?rest_route=\/wp\/v2\/pages\/155","targetHints":{"allow":["GET"]}}],"collection":[{"href":"https:\/\/seeinformatique.fr\/index.php?rest_route=\/wp\/v2\/pages"}],"about":[{"href":"https:\/\/seeinformatique.fr\/index.php?rest_route=\/wp\/v2\/types\/page"}],"author":[{"embeddable":true,"href":"https:\/\/seeinformatique.fr\/index.php?rest_route=\/wp\/v2\/users\/2"}],"replies":[{"embeddable":true,"href":"https:\/\/seeinformatique.fr\/index.php?rest_route=%2Fwp%2Fv2%2Fcomments&post=155"}],"version-history":[{"count":6,"href":"https:\/\/seeinformatique.fr\/index.php?rest_route=\/wp\/v2\/pages\/155\/revisions"}],"predecessor-version":[{"id":398,"href":"https:\/\/seeinformatique.fr\/index.php?rest_route=\/wp\/v2\/pages\/155\/revisions\/398"}],"wp:featuredmedia":[{"embeddable":true,"href":"https:\/\/seeinformatique.fr\/index.php?rest_route=\/wp\/v2\/media\/393"}],"wp:attachment":[{"href":"https:\/\/seeinformatique.fr\/index.php?rest_route=%2Fwp%2Fv2%2Fmedia&parent=155"}],"curies":[{"name":"wp","href":"https:\/\/api.w.org\/{rel}","templated":true}]}}