{"id":159,"date":"2018-08-28T09:10:50","date_gmt":"2018-08-28T07:10:50","guid":{"rendered":"http:\/\/seeinformatique.fr\/?page_id=159"},"modified":"2022-04-06T17:55:55","modified_gmt":"2022-04-06T15:55:55","slug":"vente-et-installation-de-materiel","status":"publish","type":"page","link":"https:\/\/seeinformatique.fr\/?page_id=159","title":{"rendered":"Vente &#038; installation de mat\u00e9riel"},"content":{"rendered":"<style>\/*! elementor - v3.5.6 - 17-03-2022 *\/\n.elementor-widget-image{text-align:center}.elementor-widget-image a{display:inline-block}.elementor-widget-image a img[src$=\".svg\"]{width:48px}.elementor-widget-image img{vertical-align:middle;display:inline-block}<\/style>\n<p>\t\t\t\t\t\t\t\t\t\t\t\t<img decoding=\"async\" width=\"780\" height=\"238\" src=\"http:\/\/seeinformatique.fr\/wp-content\/uploads\/2022\/04\/Assemble-PC-Gamer-004-1-1024x313.jpg\" alt=\"\" loading=\"lazy\" srcset=\"http:\/\/seeinformatique.fr\/wp-content\/uploads\/2022\/04\/Assemble-PC-Gamer-004-1-1024x313.jpg 1024w, http:\/\/seeinformatique.fr\/wp-content\/uploads\/2022\/04\/Assemble-PC-Gamer-004-1-300x92.jpg 300w, http:\/\/seeinformatique.fr\/wp-content\/uploads\/2022\/04\/Assemble-PC-Gamer-004-1-768x234.jpg 768w, http:\/\/seeinformatique.fr\/wp-content\/uploads\/2022\/04\/Assemble-PC-Gamer-004-1-1536x469.jpg 1536w, http:\/\/seeinformatique.fr\/wp-content\/uploads\/2022\/04\/Assemble-PC-Gamer-004-1.jpg 1900w\" sizes=\"auto, (max-width: 780px) 100vw, 780px\" \/>\t\t\t\t\t\t\t\t\t\t\t\t\t\t\t<\/p>\n<p style=\"text-align: center;\">Nous vous proposons une large gamme d&rsquo;ordinateurs portable ou de bureau, en stock ou sur commande.<\/p>\n<p style=\"text-align: center;\">Grace a notre historique dans le domaine, nous vous proposons aussi VOTRE ordinateur fixe sur mesure. Un outil informatique qui correspond a vos besoins et qui VOUS correspond.<\/p>\n<p style=\"text-align: center;\">Comme nous pensons aussi \u00e0 votre budget, nous avons un grand choix d&rsquo;ordinateurs de bureau ou portable reconditionn\u00e9s, garantie 6 mois et de qualit\u00e9 professionnelle.<\/p>\n<p style=\"text-align: center;\">Le paiement en 3x ou 4x sans frais par Carte Bancaire est disponible!<\/p>\n","protected":false},"excerpt":{"rendered":"<p>Nous vous proposons une large gamme d&rsquo;ordinateurs portable ou de bureau, en stock ou sur commande. Grace a notre historique dans le domaine, nous vous proposons aussi VOTRE ordinateur fixe sur mesure. Un outil informatique qui correspond a vos besoins et qui VOUS correspond. Comme nous pensons aussi \u00e0 votre budget, nous avons un grand <a class=\"more-link\" href=\"https:\/\/seeinformatique.fr\/?page_id=159\">Lire plus &#8230;<\/a><\/p>\n","protected":false},"author":2,"featured_media":0,"parent":0,"menu_order":0,"comment_status":"closed","ping_status":"closed","template":"","meta":{"_mi_skip_tracking":false,"footnotes":""},"class_list":["post-159","page","type-page","status-publish","hentry"],"_links":{"self":[{"href":"https:\/\/seeinformatique.fr\/index.php?rest_route=\/wp\/v2\/pages\/159","targetHints":{"allow":["GET"]}}],"collection":[{"href":"https:\/\/seeinformatique.fr\/index.php?rest_route=\/wp\/v2\/pages"}],"about":[{"href":"https:\/\/seeinformatique.fr\/index.php?rest_route=\/wp\/v2\/types\/page"}],"author":[{"embeddable":true,"href":"https:\/\/seeinformatique.fr\/index.php?rest_route=\/wp\/v2\/users\/2"}],"replies":[{"embeddable":true,"href":"https:\/\/seeinformatique.fr\/index.php?rest_route=%2Fwp%2Fv2%2Fcomments&post=159"}],"version-history":[{"count":7,"href":"https:\/\/seeinformatique.fr\/index.php?rest_route=\/wp\/v2\/pages\/159\/revisions"}],"predecessor-version":[{"id":421,"href":"https:\/\/seeinformatique.fr\/index.php?rest_route=\/wp\/v2\/pages\/159\/revisions\/421"}],"wp:attachment":[{"href":"https:\/\/seeinformatique.fr\/index.php?rest_route=%2Fwp%2Fv2%2Fmedia&parent=159"}],"curies":[{"name":"wp","href":"https:\/\/api.w.org\/{rel}","templated":true}]}}