{"id":179,"date":"2018-11-22T06:15:43","date_gmt":"2018-11-22T05:15:43","guid":{"rendered":"https:\/\/seeinformatique.fr\/?page_id=179"},"modified":"2022-04-06T17:46:10","modified_gmt":"2022-04-06T15:46:10","slug":"vente-achat-jeux-et-consoles-retro","status":"publish","type":"page","link":"https:\/\/seeinformatique.fr\/?page_id=179","title":{"rendered":"Vente &#038; Achat de jeux et consoles retro"},"content":{"rendered":"<style>\/*! elementor - v3.5.6 - 17-03-2022 *\/<br \/>\n.elementor-widget-image{text-align:center}.elementor-widget-image a{display:inline-block}.elementor-widget-image a img[src$=\".svg\"]{width:48px}.elementor-widget-image img{vertical-align:middle;display:inline-block}<\/style>\n<p>\t\t\t\t\t\t\t\t\t\t\t\t<img decoding=\"async\" src=\"http:\/\/seeinformatique.fr\/wp-content\/uploads\/2022\/04\/Sans_titre_72_5bb394fb-312e-483a-be8d-aee625c31e33-1024x576.jpg\" alt=\"\" loading=\"lazy\" srcset=\"http:\/\/seeinformatique.fr\/wp-content\/uploads\/2022\/04\/Sans_titre_72_5bb394fb-312e-483a-be8d-aee625c31e33-1024x576.jpg 1024w, http:\/\/seeinformatique.fr\/wp-content\/uploads\/2022\/04\/Sans_titre_72_5bb394fb-312e-483a-be8d-aee625c31e33-300x169.jpg 300w, http:\/\/seeinformatique.fr\/wp-content\/uploads\/2022\/04\/Sans_titre_72_5bb394fb-312e-483a-be8d-aee625c31e33-768x432.jpg 768w, http:\/\/seeinformatique.fr\/wp-content\/uploads\/2022\/04\/Sans_titre_72_5bb394fb-312e-483a-be8d-aee625c31e33-1536x864.jpg 1536w, http:\/\/seeinformatique.fr\/wp-content\/uploads\/2022\/04\/Sans_titre_72_5bb394fb-312e-483a-be8d-aee625c31e33-350x197.jpg 350w, http:\/\/seeinformatique.fr\/wp-content\/uploads\/2022\/04\/Sans_titre_72_5bb394fb-312e-483a-be8d-aee625c31e33-528x297.jpg 528w, http:\/\/seeinformatique.fr\/wp-content\/uploads\/2022\/04\/Sans_titre_72_5bb394fb-312e-483a-be8d-aee625c31e33-860x484.jpg 860w, http:\/\/seeinformatique.fr\/wp-content\/uploads\/2022\/04\/Sans_titre_72_5bb394fb-312e-483a-be8d-aee625c31e33.jpg 1920w\" sizes=\"auto, (max-width: 780px) 100vw, 780px\" width=\"780\" height=\"439\"><br \/>\nNous vendons et achetons \u00e9galement toutes vos consoles et jeux vid\u00e9o anciens. Pour plus de renseignements, n&rsquo;h\u00e9sitez pas \u00e0 nous contacter.<\/p>\n","protected":false},"excerpt":{"rendered":"<p>Nous vendons et achetons \u00e9galement toutes vos consoles et jeux vid\u00e9o anciens. Pour plus de renseignements, n&rsquo;h\u00e9sitez pas \u00e0 nous contacter.<\/p>\n","protected":false},"author":1,"featured_media":0,"parent":0,"menu_order":0,"comment_status":"closed","ping_status":"closed","template":"","meta":{"_mi_skip_tracking":false,"footnotes":""},"class_list":["post-179","page","type-page","status-publish","hentry"],"_links":{"self":[{"href":"https:\/\/seeinformatique.fr\/index.php?rest_route=\/wp\/v2\/pages\/179","targetHints":{"allow":["GET"]}}],"collection":[{"href":"https:\/\/seeinformatique.fr\/index.php?rest_route=\/wp\/v2\/pages"}],"about":[{"href":"https:\/\/seeinformatique.fr\/index.php?rest_route=\/wp\/v2\/types\/page"}],"author":[{"embeddable":true,"href":"https:\/\/seeinformatique.fr\/index.php?rest_route=\/wp\/v2\/users\/1"}],"replies":[{"embeddable":true,"href":"https:\/\/seeinformatique.fr\/index.php?rest_route=%2Fwp%2Fv2%2Fcomments&post=179"}],"version-history":[{"count":5,"href":"https:\/\/seeinformatique.fr\/index.php?rest_route=\/wp\/v2\/pages\/179\/revisions"}],"predecessor-version":[{"id":417,"href":"https:\/\/seeinformatique.fr\/index.php?rest_route=\/wp\/v2\/pages\/179\/revisions\/417"}],"wp:attachment":[{"href":"https:\/\/seeinformatique.fr\/index.php?rest_route=%2Fwp%2Fv2%2Fmedia&parent=179"}],"curies":[{"name":"wp","href":"https:\/\/api.w.org\/{rel}","templated":true}]}}