{"id":328,"date":"2022-04-04T14:25:05","date_gmt":"2022-04-04T12:25:05","guid":{"rendered":"http:\/\/seeinformatique.fr\/?page_id=328"},"modified":"2022-04-11T16:59:20","modified_gmt":"2022-04-11T14:59:20","slug":"site-web","status":"publish","type":"page","link":"https:\/\/seeinformatique.fr\/?page_id=328","title":{"rendered":"Site Web"},"content":{"rendered":"<p>Nous cr\u00e9ons pour vous un site sur-mesure car notre philosophie c&rsquo;est que le site doit s&rsquo;<strong>adapter \u00e0 vos besoins et \u00e0 vos objectifs<\/strong> et non l&rsquo;inverse. C&rsquo;est un site enti\u00e8rement personnalis\u00e9 avec des fonctionnalit\u00e9s bien pr\u00e9cises qui r\u00e9pondent \u00e0 vos strat\u00e9gies marketing et \u00e0 votre communication. Un site sur-mesure peut \u00eatre un site vitrine, e-commerce ou un portail web.<\/p>\n<style>\/*! elementor - v3.5.6 - 17-03-2022 *\/\n.elementor-heading-title{padding:0;margin:0;line-height:1}.elementor-widget-heading .elementor-heading-title[class*=elementor-size-]>a{color:inherit;font-size:inherit;line-height:inherit}.elementor-widget-heading .elementor-heading-title.elementor-size-small{font-size:15px}.elementor-widget-heading .elementor-heading-title.elementor-size-medium{font-size:19px}.elementor-widget-heading .elementor-heading-title.elementor-size-large{font-size:29px}.elementor-widget-heading .elementor-heading-title.elementor-size-xl{font-size:39px}.elementor-widget-heading .elementor-heading-title.elementor-size-xxl{font-size:59px}<\/style>\n<h2>Quelques exemples de nos cr\u00e9ations<\/h2>\n<p>Cliquez sur l&rsquo;image pour voir quelques exemples de nos cr\u00e9ations<\/p>\n<style>\/*! elementor - v3.5.6 - 17-03-2022 *\/\n.elementor-widget-image{text-align:center}.elementor-widget-image a{display:inline-block}.elementor-widget-image a img[src$=\".svg\"]{width:48px}.elementor-widget-image img{vertical-align:middle;display:inline-block}<\/style>\n<figure>\n\t\t\t\t\t\t\t\t\t\t\t<a href=\"https:\/\/www.d-pro30.fr\/\"><br \/>\n\t\t\t\t\t\t\t<img decoding=\"async\" width=\"300\" height=\"141\" src=\"http:\/\/seeinformatique.fr\/wp-content\/uploads\/2022\/04\/logo-dpro-300x141.jpg\" alt=\"\" loading=\"lazy\" srcset=\"http:\/\/seeinformatique.fr\/wp-content\/uploads\/2022\/04\/logo-dpro-300x141.jpg 300w, http:\/\/seeinformatique.fr\/wp-content\/uploads\/2022\/04\/logo-dpro-1024x482.jpg 1024w, http:\/\/seeinformatique.fr\/wp-content\/uploads\/2022\/04\/logo-dpro-768x362.jpg 768w, http:\/\/seeinformatique.fr\/wp-content\/uploads\/2022\/04\/logo-dpro-1536x724.jpg 1536w, http:\/\/seeinformatique.fr\/wp-content\/uploads\/2022\/04\/logo-dpro-2048x965.jpg 2048w\" sizes=\"auto, (max-width: 300px) 100vw, 300px\" \/>\t\t\t\t\t\t\t\t<\/a><figcaption>D-Pro30<\/figcaption><\/figure>\n<figure>\n\t\t\t\t\t\t\t\t\t\t\t<a href=\"https:\/\/www.web-sc.fr\/\"><br \/>\n\t\t\t\t\t\t\t<img decoding=\"async\" width=\"300\" height=\"239\" src=\"http:\/\/seeinformatique.fr\/wp-content\/uploads\/2022\/04\/c1da0578-300x239.jpg\" alt=\"\" loading=\"lazy\" srcset=\"http:\/\/seeinformatique.fr\/wp-content\/uploads\/2022\/04\/c1da0578-300x239.jpg 300w, http:\/\/seeinformatique.fr\/wp-content\/uploads\/2022\/04\/c1da0578.jpg 625w\" sizes=\"auto, (max-width: 300px) 100vw, 300px\" \/>\t\t\t\t\t\t\t\t<\/a><figcaption>Web-SC<\/figcaption><\/figure>\n<figure>\n\t\t\t\t\t\t\t\t\t\t\t<a href=\"https:\/\/www.chaudronneriecastel.com\/\"><br \/>\n\t\t\t\t\t\t\t<img decoding=\"async\" width=\"150\" height=\"150\" src=\"http:\/\/seeinformatique.fr\/wp-content\/uploads\/2022\/04\/DF-Chaudronnerie-Castel-Logo-150x150.jpg\" alt=\"\" loading=\"lazy\" srcset=\"http:\/\/seeinformatique.fr\/wp-content\/uploads\/2022\/04\/DF-Chaudronnerie-Castel-Logo-150x150.jpg 150w, http:\/\/seeinformatique.fr\/wp-content\/uploads\/2022\/04\/DF-Chaudronnerie-Castel-Logo-200x200.jpg 200w, http:\/\/seeinformatique.fr\/wp-content\/uploads\/2022\/04\/DF-Chaudronnerie-Castel-Logo-100x100.jpg 100w, http:\/\/seeinformatique.fr\/wp-content\/uploads\/2022\/04\/DF-Chaudronnerie-Castel-Logo-40x40.jpg 40w\" sizes=\"auto, (max-width: 150px) 100vw, 150px\" \/>\t\t\t\t\t\t\t\t<\/a><figcaption>Chaudronnerie Castel<\/figcaption><\/figure>\n<figure>\n\t\t\t\t\t\t\t\t\t\t\t<a href=\"https:\/\/www.web-sc.fr\/df-coiffure\"><br \/>\n\t\t\t\t\t\t\t<img decoding=\"async\" width=\"300\" height=\"198\" src=\"http:\/\/seeinformatique.fr\/wp-content\/uploads\/2022\/04\/CVF-DF-coiffure-easy-300x198.jpg\" alt=\"\" loading=\"lazy\" srcset=\"http:\/\/seeinformatique.fr\/wp-content\/uploads\/2022\/04\/CVF-DF-coiffure-easy-300x198.jpg 300w, http:\/\/seeinformatique.fr\/wp-content\/uploads\/2022\/04\/CVF-DF-coiffure-easy-768x506.jpg 768w, http:\/\/seeinformatique.fr\/wp-content\/uploads\/2022\/04\/CVF-DF-coiffure-easy.jpg 1004w\" sizes=\"auto, (max-width: 300px) 100vw, 300px\" \/>\t\t\t\t\t\t\t\t<\/a><figcaption>D&amp;F coiffure<\/figcaption><\/figure>\n<figure>\n\t\t\t\t\t\t\t\t\t\t\t<a href=\"https:\/\/www.ralphsd.fr\/\"><br \/>\n\t\t\t\t\t\t\t<img decoding=\"async\" width=\"300\" height=\"134\" src=\"http:\/\/seeinformatique.fr\/wp-content\/uploads\/2022\/04\/design-voiture-gard-1024x459-1-300x134.jpg\" alt=\"\" loading=\"lazy\" srcset=\"http:\/\/seeinformatique.fr\/wp-content\/uploads\/2022\/04\/design-voiture-gard-1024x459-1-300x134.jpg 300w, http:\/\/seeinformatique.fr\/wp-content\/uploads\/2022\/04\/design-voiture-gard-1024x459-1-768x344.jpg 768w, http:\/\/seeinformatique.fr\/wp-content\/uploads\/2022\/04\/design-voiture-gard-1024x459-1.jpg 1024w\" sizes=\"auto, (max-width: 300px) 100vw, 300px\" \/>\t\t\t\t\t\t\t\t<\/a><figcaption>Ralph Schwerdorffer Design<\/figcaption><\/figure>\n<style>\/*! elementor - v3.5.6 - 17-03-2022 *\/\n.elementor-widget-divider{--divider-border-style:none;--divider-border-width:1px;--divider-color:#2c2c2c;--divider-icon-size:20px;--divider-element-spacing:10px;--divider-pattern-height:24px;--divider-pattern-size:20px;--divider-pattern-url:none;--divider-pattern-repeat:repeat-x}.elementor-widget-divider .elementor-divider{display:-webkit-box;display:-ms-flexbox;display:flex}.elementor-widget-divider .elementor-divider__text{font-size:15px;line-height:1;max-width:95%}.elementor-widget-divider .elementor-divider__element{margin:0 var(--divider-element-spacing);-ms-flex-negative:0;flex-shrink:0}.elementor-widget-divider .elementor-icon{font-size:var(--divider-icon-size)}.elementor-widget-divider .elementor-divider-separator{display:-webkit-box;display:-ms-flexbox;display:flex;margin:0;direction:ltr}.elementor-widget-divider--view-line_icon .elementor-divider-separator,.elementor-widget-divider--view-line_text .elementor-divider-separator{-webkit-box-align:center;-ms-flex-align:center;align-items:center}.elementor-widget-divider--view-line_icon .elementor-divider-separator:after,.elementor-widget-divider--view-line_icon .elementor-divider-separator:before,.elementor-widget-divider--view-line_text .elementor-divider-separator:after,.elementor-widget-divider--view-line_text .elementor-divider-separator:before{display:block;content:\"\";border-bottom:0;-webkit-box-flex:1;-ms-flex-positive:1;flex-grow:1;border-top:var(--divider-border-width) var(--divider-border-style) var(--divider-color)}.elementor-widget-divider--element-align-left .elementor-divider .elementor-divider-separator>.elementor-divider__svg:first-of-type{-webkit-box-flex:0;-ms-flex-positive:0;flex-grow:0;-ms-flex-negative:100;flex-shrink:100}.elementor-widget-divider--element-align-left .elementor-divider-separator:before{content:none}.elementor-widget-divider--element-align-left .elementor-divider__element{margin-left:0}.elementor-widget-divider--element-align-right .elementor-divider .elementor-divider-separator>.elementor-divider__svg:last-of-type{-webkit-box-flex:0;-ms-flex-positive:0;flex-grow:0;-ms-flex-negative:100;flex-shrink:100}.elementor-widget-divider--element-align-right .elementor-divider-separator:after{content:none}.elementor-widget-divider--element-align-right .elementor-divider__element{margin-right:0}.elementor-widget-divider:not(.elementor-widget-divider--view-line_text):not(.elementor-widget-divider--view-line_icon) .elementor-divider-separator{border-top:var(--divider-border-width) var(--divider-border-style) var(--divider-color)}.elementor-widget-divider--separator-type-pattern{--divider-border-style:none}.elementor-widget-divider--separator-type-pattern.elementor-widget-divider--view-line .elementor-divider-separator,.elementor-widget-divider--separator-type-pattern:not(.elementor-widget-divider--view-line) .elementor-divider-separator:after,.elementor-widget-divider--separator-type-pattern:not(.elementor-widget-divider--view-line) .elementor-divider-separator:before,.elementor-widget-divider--separator-type-pattern:not([class*=elementor-widget-divider--view]) .elementor-divider-separator{width:100%;min-height:var(--divider-pattern-height);-webkit-mask-size:var(--divider-pattern-size) 100%;mask-size:var(--divider-pattern-size) 100%;-webkit-mask-repeat:var(--divider-pattern-repeat);mask-repeat:var(--divider-pattern-repeat);background-color:var(--divider-color);-webkit-mask-image:var(--divider-pattern-url);mask-image:var(--divider-pattern-url)}.elementor-widget-divider--no-spacing{--divider-pattern-size:auto}.elementor-widget-divider--bg-round{--divider-pattern-repeat:round}.rtl .elementor-widget-divider .elementor-divider__text{direction:rtl}<\/style>\n<style>\/*! elementor - v3.5.6 - 17-03-2022 *\/\n.elementor-widget-image-carousel .swiper-container{position:static}.elementor-widget-image-carousel .swiper-container .swiper-slide figure{line-height:inherit}.elementor-widget-image-carousel .swiper-slide{text-align:center}.elementor-image-carousel-wrapper:not(.swiper-container-initialized) .swiper-slide{max-width:calc(100% \/ var(--e-image-carousel-slides-to-show, 3))}<\/style>\n<figure><img decoding=\"async\" src=\"http:\/\/seeinformatique.fr\/wp-content\/uploads\/2022\/04\/Chaudronnerie-Castel.jpg\" alt=\"Chaudronnerie Castel\" \/><figcaption>Chaudronnerie Castel<\/figcaption><\/figure>\n<figure><img decoding=\"async\" src=\"http:\/\/seeinformatique.fr\/wp-content\/uploads\/2022\/04\/DF-coiffure.jpg\" alt=\"D&amp;F coiffure\" \/><figcaption>D&amp;F coiffure<\/figcaption><\/figure>\n<figure><img decoding=\"async\" src=\"http:\/\/seeinformatique.fr\/wp-content\/uploads\/2022\/04\/Dpro30-accueil1.jpg\" alt=\"D-Pro 30\" \/><figcaption>D-Pro 30<\/figcaption><\/figure>\n<figure><img decoding=\"async\" src=\"http:\/\/seeinformatique.fr\/wp-content\/uploads\/2022\/04\/Ralph-SD-accueil.jpg\" alt=\"Ralph Schwerdorffer Design\" \/><figcaption>Ralph Schwerdorffer Design<\/figcaption><\/figure>\n<figure><img decoding=\"async\" src=\"http:\/\/seeinformatique.fr\/wp-content\/uploads\/2022\/04\/Web-Sc-2022.jpg\" alt=\"Web-SC\" \/><figcaption>Web-SC<\/figcaption><\/figure>\n<figure><img decoding=\"async\" src=\"http:\/\/seeinformatique.fr\/wp-content\/uploads\/2022\/04\/Yogasan-accueil1.jpg\" alt=\"Yogasan\" \/><figcaption>Yogasan<\/figcaption><\/figure>\n<p>\t\t\t\t\t\t\t\t\t\t\t\tPr\u00e9c\u00e9dent<br \/>\n\t\t\t\t\t\t\t\t\t\t\t\tSuivant<\/p>\n","protected":false},"excerpt":{"rendered":"<p>Nous cr\u00e9ons pour vous un site sur-mesure car notre philosophie c&rsquo;est que le site doit s&rsquo;adapter \u00e0 vos besoins et \u00e0 vos objectifs et non l&rsquo;inverse. C&rsquo;est un site enti\u00e8rement personnalis\u00e9 avec des fonctionnalit\u00e9s bien pr\u00e9cises qui r\u00e9pondent \u00e0 vos strat\u00e9gies marketing et \u00e0 votre communication. Un site sur-mesure peut \u00eatre un site vitrine, e-commerce <a class=\"more-link\" href=\"https:\/\/seeinformatique.fr\/?page_id=328\">Lire plus &#8230;<\/a><\/p>\n","protected":false},"author":1,"featured_media":422,"parent":0,"menu_order":0,"comment_status":"closed","ping_status":"closed","template":"","meta":{"_mi_skip_tracking":false,"footnotes":""},"class_list":["post-328","page","type-page","status-publish","has-post-thumbnail","hentry"],"_links":{"self":[{"href":"https:\/\/seeinformatique.fr\/index.php?rest_route=\/wp\/v2\/pages\/328","targetHints":{"allow":["GET"]}}],"collection":[{"href":"https:\/\/seeinformatique.fr\/index.php?rest_route=\/wp\/v2\/pages"}],"about":[{"href":"https:\/\/seeinformatique.fr\/index.php?rest_route=\/wp\/v2\/types\/page"}],"author":[{"embeddable":true,"href":"https:\/\/seeinformatique.fr\/index.php?rest_route=\/wp\/v2\/users\/1"}],"replies":[{"embeddable":true,"href":"https:\/\/seeinformatique.fr\/index.php?rest_route=%2Fwp%2Fv2%2Fcomments&post=328"}],"version-history":[{"count":24,"href":"https:\/\/seeinformatique.fr\/index.php?rest_route=\/wp\/v2\/pages\/328\/revisions"}],"predecessor-version":[{"id":511,"href":"https:\/\/seeinformatique.fr\/index.php?rest_route=\/wp\/v2\/pages\/328\/revisions\/511"}],"wp:featuredmedia":[{"embeddable":true,"href":"https:\/\/seeinformatique.fr\/index.php?rest_route=\/wp\/v2\/media\/422"}],"wp:attachment":[{"href":"https:\/\/seeinformatique.fr\/index.php?rest_route=%2Fwp%2Fv2%2Fmedia&parent=328"}],"curies":[{"name":"wp","href":"https:\/\/api.w.org\/{rel}","templated":true}]}}