{"id":464,"date":"2022-04-07T13:22:11","date_gmt":"2022-04-07T11:22:11","guid":{"rendered":"http:\/\/seeinformatique.fr\/?page_id=464"},"modified":"2022-04-07T13:38:16","modified_gmt":"2022-04-07T11:38:16","slug":"1001-piles","status":"publish","type":"page","link":"https:\/\/seeinformatique.fr\/?page_id=464","title":{"rendered":"1001 Piles"},"content":{"rendered":"<style>\/*! elementor - v3.5.6 - 17-03-2022 *\/\n.elementor-widget-image{text-align:center}.elementor-widget-image a{display:inline-block}.elementor-widget-image a img[src$=\".svg\"]{width:48px}.elementor-widget-image img{vertical-align:middle;display:inline-block}<\/style>\n<p>\t\t\t\t\t\t\t\t\t\t\t\t<img decoding=\"async\" width=\"780\" height=\"289\" src=\"http:\/\/seeinformatique.fr\/wp-content\/uploads\/2022\/04\/96561868_2730594463852302_7679200997519917056_n.jpg\" alt=\"\" loading=\"lazy\" srcset=\"http:\/\/seeinformatique.fr\/wp-content\/uploads\/2022\/04\/96561868_2730594463852302_7679200997519917056_n.jpg 851w, http:\/\/seeinformatique.fr\/wp-content\/uploads\/2022\/04\/96561868_2730594463852302_7679200997519917056_n-300x111.jpg 300w, http:\/\/seeinformatique.fr\/wp-content\/uploads\/2022\/04\/96561868_2730594463852302_7679200997519917056_n-768x284.jpg 768w\" sizes=\"auto, (max-width: 780px) 100vw, 780px\" \/>\t\t\t\t\t\t\t\t\t\t\t\t\t\t\t<\/p>\n<p>Depuis 1984, nous mettons tout en \u0153uvre pour vous proposer toujours plus de produits et de services adapt\u00e9s \u00e0 vos attentes. Les collaborateurs et les franchis\u00e9s du r\u00e9seau 1001 Piles Batteries sont de v\u00e9ritables professionnels form\u00e9s constamment. Ils mettront tout en \u0153uvre pour trouver une solution adapt\u00e9e \u00e0 votre besoin gr\u00e2ce \u00e0 leur sens de l\u2019\u00e9coute et du service. <\/p>\n<p>Le r\u00e9seau de magasins 1001 Piles Batteries se positionne ainsi comme un acteur du <strong>d\u00e9veloppement durable<\/strong> en proposant des produits qui vous permettent de <strong>prolonger la vie de vos appareils.<\/strong> <br \/><strong> C\u2019est aussi gr\u00e2ce \u00e0 un catalogue de services utiles, disponibles <a href=\"https:\/\/www.1001piles.com\/1001piles\/magasins\/\"> en magasin 1001 Piles Batteries<\/a>, que vous pouvez donner une seconde vie \u00e0 vos appareils ! <\/strong><\/p>\n","protected":false},"excerpt":{"rendered":"<p>Depuis 1984, nous mettons tout en \u0153uvre pour vous proposer toujours plus de produits et de services adapt\u00e9s \u00e0 vos attentes. Les collaborateurs et les franchis\u00e9s du r\u00e9seau 1001 Piles Batteries sont de v\u00e9ritables professionnels form\u00e9s constamment. Ils mettront tout en \u0153uvre pour trouver une solution adapt\u00e9e \u00e0 votre besoin gr\u00e2ce \u00e0 leur sens de <a class=\"more-link\" href=\"https:\/\/seeinformatique.fr\/?page_id=464\">Lire plus &#8230;<\/a><\/p>\n","protected":false},"author":1,"featured_media":0,"parent":0,"menu_order":0,"comment_status":"closed","ping_status":"closed","template":"","meta":{"_mi_skip_tracking":false,"footnotes":""},"class_list":["post-464","page","type-page","status-publish","hentry"],"_links":{"self":[{"href":"https:\/\/seeinformatique.fr\/index.php?rest_route=\/wp\/v2\/pages\/464","targetHints":{"allow":["GET"]}}],"collection":[{"href":"https:\/\/seeinformatique.fr\/index.php?rest_route=\/wp\/v2\/pages"}],"about":[{"href":"https:\/\/seeinformatique.fr\/index.php?rest_route=\/wp\/v2\/types\/page"}],"author":[{"embeddable":true,"href":"https:\/\/seeinformatique.fr\/index.php?rest_route=\/wp\/v2\/users\/1"}],"replies":[{"embeddable":true,"href":"https:\/\/seeinformatique.fr\/index.php?rest_route=%2Fwp%2Fv2%2Fcomments&post=464"}],"version-history":[{"count":7,"href":"https:\/\/seeinformatique.fr\/index.php?rest_route=\/wp\/v2\/pages\/464\/revisions"}],"predecessor-version":[{"id":478,"href":"https:\/\/seeinformatique.fr\/index.php?rest_route=\/wp\/v2\/pages\/464\/revisions\/478"}],"wp:attachment":[{"href":"https:\/\/seeinformatique.fr\/index.php?rest_route=%2Fwp%2Fv2%2Fmedia&parent=464"}],"curies":[{"name":"wp","href":"https:\/\/api.w.org\/{rel}","templated":true}]}}